{"id":1105,"date":"2024-10-11T16:52:17","date_gmt":"2024-10-11T09:52:17","guid":{"rendered":"https:\/\/nongsanvinhyen.com\/?post_type=product&#038;p=1105"},"modified":"2025-06-06T18:25:12","modified_gmt":"2025-06-06T11:25:12","slug":"tinh-dau-que","status":"publish","type":"product","link":"https:\/\/nongsanvinhyen.com\/en\/product\/tinh-dau-que\/","title":{"rendered":"Tinh D\u1ea7u Qu\u1ebf"},"content":{"rendered":"<p>&#8211; B\u01b0\u1edbc 1: Thu ho\u1ea1ch nguy\u00ean li\u1ec7u Nguy\u00ean li\u1ec7u c\u00f3 th\u1ec3 l\u00e0 l\u00e1, c\u00e0nh, hoa v\u00e0 v\u1ecf. \u0110\u1ed1i v\u1edbi l\u00e1 qu\u1ebf th\u00ec ch\u01b0ng c\u1ea5t \u1edf d\u1ea1ng t\u01b0\u01a1i c\u00f2n qu\u1ebf v\u1ee5n v\u00e0 qu\u1ebf c\u00e0nh nh\u1ecf th\u00ec c\u00f3 th\u1ec3 ch\u01b0ng c\u1ea5t \u1edf d\u1ea1ng t\u01b0\u01a1i ho\u1eb7c kh\u00f4 \u0111\u1ec1u \u0111\u01b0\u1ee3c nh\u1eb1m gi\u1ea3m t\u1ed5n th\u1ea5t tinh d\u1ea7u v\u00e0 gi\u1eef cho m\u00e0u s\u1eafc c\u1ee7a s\u1ea3n ph\u1ea9m \u0111\u1eb9p h\u01a1n.<\/p>\n<p>&#8211; B\u01b0\u1edbc 2: X\u1eed l\u00fd nguy\u00ean li\u1ec7u Qu\u1ebf v\u1ee5n v\u00e0 qu\u1ebf c\u00e0nh \u0111\u01b0\u1ee3c c\u1ea7n nghi\u1ec1n n\u00e1t, nh\u1ecf, t\u1ea1o \u0111i\u1ec1u ki\u1ec7n thu\u1eadn l\u1ee3i cho vi\u1ec7c tr\u00edch ly tinh d\u1ea7u trong qu\u00e1 tr\u00ecnh ch\u01b0ng c\u1ea5t. M\u1ee9c \u0111\u1ed9 nghi\u1ec1n c\u00f3 \u1ea3nh h\u01b0\u1edfng r\u1ea5t nhi\u1ec1u \u0111\u1ebfn hi\u1ec7u su\u1ea5t v\u00e0 ch\u1ea5t l\u01b0\u1ee3ng c\u1ee7a tinh d\u1ea7u khi cho ra th\u00e0nh ph\u1ea9m. Nguy\u00ean li\u1ec7u l\u00e1 qu\u1ebf th\u00ec \u0111\u01b0\u1ee3c b\u0103m th\u00e0nh nh\u1eefng \u0111o\u1ea1n nh\u1ecf kho\u1ea3ng10cm ho\u1eb7c nh\u1ecf h\u01a1n s\u1ebd gi\u00fap l\u00e0m t\u0103ng dung tr\u1ecdng c\u1ee7a nguy\u00ean li\u1ec7u, t\u0103ng th\u1ec3 t\u00edch h\u1eefu \u00edch c\u1ee7a thi\u1ebft b\u1ecb ch\u01b0ng c\u1ea5t, nh\u1edd v\u1eady r\u00fat ng\u1eafn \u0111\u01b0\u1ee3c qu\u00e1 tr\u00ecnh ch\u01b0ng c\u1ea5t, do tinh d\u1ea7u tho\u00e1t ra d\u1ec5 d\u00e0ng h\u01a1n khi ti\u1ebfp x\u00fac v\u1edbi h\u01a1i n\u01b0\u1edbc n\u00ean s\u1ebd n\u00e2ng cao \u0111\u01b0\u1ee3c hi\u1ec7u su\u1ea5t qu\u00e1 tr\u00ecnh t\u00e1ch tinh d\u1ea7u ra.<\/p>\n<p>&#8211; B\u01b0\u1edbc 3: Ng\u00e2m nguy\u00ean li\u1ec7u Ng\u00e2m nguy\u00ean li\u1ec7u \u0111\u1ec3 ng\u1eadm n\u01b0\u1edbc \u0111\u1ec3 khi ch\u01b0ng c\u1ea5t tinh d\u1ea7u \u0111\u01b0\u1ee3c h\u01a1i n\u01b0\u1edbc l\u00f4i cu\u1ed1n ra kh\u1ecfi nguy\u00ean li\u1ec7u \u0111\u01b0\u1ee3c d\u1ec5 d\u00e0ng h\u01a1n.<\/p>\n<p>&#8211; B\u01b0\u1edbc 4: N\u1ea1p li\u1ec7u Nguy\u00ean li\u1ec7u sau khi ng\u00e2m s\u1ebd \u0111\u01b0\u1ee3c \u0111\u01b0a v\u00e0o thi\u1ebft b\u1ecb ch\u01b0ng c\u1ea5t b\u1eb1ng c\u00e1ch cho nguy\u00ean li\u1ec7u v\u00e0o bao v\u1ea3i \u0111\u1eb7t s\u1eb5n trong n\u1ed3i ch\u01b0ng c\u1ea5t. Nguy\u00ean li\u1ec7u ch\u1ee9a trong thi\u1ebft b\u1ecb kh\u00f4ng v\u01b0\u1ee3t qu\u00e1 85% dung t\u00edch thi\u1ebft b\u1ecb \u0111\u1ec3 tr\u00e1nh hi\u1ec7n t\u01b0\u1ee3ng tr\u00e0o b\u1ecdt. Nguy\u00ean li\u1ec7u \u0111\u01b0\u1ee3c n\u1ea1p v\u00e0o t\u1ef1 nhi\u00ean kh\u00f4ng \u0111\u01b0\u1ee3c qu\u00e1 ch\u1eb7t ho\u1eb7c qu\u00e1 x\u1ed1p. V\u00ec c\u1ea3 hai \u0111\u1ec1u gi\u1ea3m hi\u1ec7u su\u1ea5t thu h\u1ed3i tinh d\u1ea7u. Sau khi n\u1ea1p li\u1ec7u cho dung d\u1ecbch n\u01b0\u1edbc ng\u00e2m nguy\u00ean li\u1ec7u v\u00e0o thi\u1ebft b\u1ecb theo t\u1ef7 l\u1ec7 nh\u01b0 \u0111\u00e3 n\u00eau \u1edf ph\u00eda tr\u00ean \u0111\u00e2y.<\/p>\n<p>&#8211; B\u01b0\u1edbc 5: Ti\u1ebfn h\u00e0nh ch\u01b0ng c\u1ea5t Sau khi n\u1ea1p li\u1ec7u ti\u1ebfn h\u00e0nh \u0111\u1eady n\u1eafp, v\u1eb7n ch\u1eb7t c\u00e1c kh\u00f3a n\u1eafp v\u00e0 kh\u00f3a n\u1ed1i sau \u0111\u00f3 ti\u1ebfn h\u00e0nh ch\u01b0ng c\u1ea5t b\u1eb1ng c\u00e1ch \u0111un c\u1ee7i th\u00f4ng qua l\u00f2 \u0111\u1ed1t tr\u1ef1c ti\u1ebfp. Th\u1eddi gian \u0111\u1ea7u \u0111un m\u1ea1nh l\u1eeda \u0111\u1ec3 dung d\u1ecbch s\u00f4i nhanh, khi th\u1ea5y c\u00f3 gi\u1ecdt n\u01b0\u1edbc ng\u01b0ng t\u1ee5 \u0111\u1ea7u ti\u00ean xu\u1ea5t hi\u1ec7n \u1edf v\u00f2i ng\u01b0ng t\u1ee5 th\u00ec h\u1ea1 l\u1eeda v\u00e0 gi\u1eef \u00e1p su\u1ea5t sao cho h\u1ed7n h\u1ee3p n\u01b0\u1edbc ng\u01b0ng (g\u1ed3m tinh d\u1ea7u v\u00e0 n\u01b0\u1edbc ng\u01b0ng t\u1ee5) ch\u1ea3y ra \u0111\u1ec1u v\u00e0 li\u00ean t\u1ee5c, \u0111\u1ed3ng th\u1eddi m\u1edf n\u01b0\u1edbc l\u00e0m l\u1ea1nh v\u00e0o thi\u1ebft b\u1ecb ng\u01b0ng t\u1ee5 v\u00e0 ti\u1ebfp t\u1ee5c ch\u01b0ng c\u1ea5t trong 6 gi\u1edd li\u1ec1n th\u00ec k\u1ebft th\u00fac. L\u01b0u l\u01b0\u1ee3ng n\u01b0\u1edbc l\u00e0m l\u1ea1nh \u0111\u01b0a v\u00e0o thi\u1ebft b\u1ecb ng\u01b0ng t\u1ee5 \u0111\u01b0\u1ee3c kh\u1ed1ng ch\u1ebf \u0111\u1ec3 h\u1ed7n h\u1ee3p n\u01b0\u1edbc ng\u01b0ng ch\u1ea3y ra c\u00f3 nhi\u1ec7t \u0111\u1ed9 kh\u00f4ng qu\u00e1 400 \u0111\u1ed9 C. V\u00ec n\u1ebfu cao h\u01a1n, tinh d\u1ea7u bay h\u01a1i v\u00e0 h\u00f2a tan trong n\u01b0\u1edbc ng\u01b0ng t\u1ee5 l\u1edbn khi\u1ebfn tinh d\u1ea7u b\u1ecb t\u1ed5n th\u1ea5t.<\/p>\n<p>&#8211; B\u01b0\u1edbc 6: Thu nh\u1eadn tinh d\u1ea7u H\u1ed7n h\u1ee3p n\u01b0\u1edbc ch\u01b0ng c\u1ea5t t\u1eeb thi\u1ebft b\u1ecb ng\u01b0ng t\u1ee5 ch\u1ea3y ra qua thi\u1ebft b\u1ecb ph\u00e2n ly. D\u1ef1a v\u00e0o t\u00ednh ch\u1ea5t tinh d\u1ea7u qu\u1ebf c\u00f3 tr\u1ecdng l\u01b0\u1ee3ng ri\u00eang l\u1edbn h\u01a1n n\u01b0\u1edbc n\u00ean ph\u00e2n l\u1edbp v\u00e0 ch\u00ecm xu\u1ed1ng \u0111\u00e1y thi\u1ebft b\u1ecb ph\u00e2n ly sau \u0111\u00f3 t\u00e1ch ra thu \u0111\u01b0\u1ee3c tinh d\u1ea7u th\u00f4. N\u01b0\u1edbc ch\u01b0ng \u1edf b\u00ecnh ph\u00e2n ly ch\u1ea3y ra c\u00f2n ch\u1ee9a m\u1ed9t l\u01b0\u1ee3ng tinh d\u1ea7u do ch\u01b0a ph\u00e2n ly tri\u1ec7t \u0111\u1ec3 ho\u1eb7c \u1edf d\u1ea1ng ho\u00e0 tan trong n\u01b0\u1edbc c\u1ea7n \u0111\u01b0\u1ee3c cho tr\u1edf l\u1ea1i thi\u1ebft b\u1ecb ch\u01b0ng c\u1ea5t \u0111\u1ec3 c\u1ea5t c\u00f9ng v\u1edbi m\u1ebb sau.<\/p>\n<p>&#8211; B\u01b0\u1edbc 7: \u0110\u00f3ng g\u00f3i v\u00e0 b\u1ea3o qu\u1ea3n Tinh d\u1ea7u th\u00f4 thu nh\u1eadn \u0111\u01b0\u1ee3c c\u00f3 th\u1ec3 \u0111\u1ef1ng trong b\u00ecnh th\u1ee7y tinh m\u00e0u s\u1eabm c\u00f3 n\u1eafp k\u00edn v\u00e0 n\u1eafp \u0111\u01b0\u1ee3c tr\u00e1ng parafin ho\u1eb7c can nh\u1ef1a m\u00e0u nh\u01b0ng c\u1ea7n c\u00f3 ph\u01b0\u01a1ng ph\u00e1p b\u1ea3o qu\u1ea3n t\u1ed1t \u0111\u1ec3 tr\u00e1nh h\u01b0 h\u1ea1i tinh d\u1ea7u c\u0169ng nh\u01b0 gi\u1eef tinh d\u1ea7u c\u00f3 ch\u1ea5t l\u01b0\u1ee3ng t\u1ed1t nh\u1ea5t.<\/p>\n<p>&#8211; B\u01b0\u1edbc 8: Th\u00e1o v\u00e0 x\u1eed l\u00fd b\u00e3 Sau qu\u00e1 tr\u00ecnh ch\u01b0ng c\u1ea5t, \u0111\u00f3ng van cung c\u1ea5p n\u01b0\u1edbc l\u00e0m l\u1ea1nh, t\u1eaft l\u1eeda, \u0111\u1ec3 ngu\u1ed9i t\u1eeb 15 &#8211; 30 ph\u00fat, m\u1edf n\u1eafp v\u00e0 th\u00e1o b\u00e3. B\u00e3 sau khi ch\u01b0ng c\u1ea5t \u0111em ph\u01a1i kh\u00f4 \u0111\u1ec3 l\u00e0m nhang. Dung d\u1ecbch ch\u01b0ng c\u1ea5t c\u00f2n l\u1ea1i \u0111\u01b0\u1ee3c th\u00e1o ra qua \u1ed1ng x\u1ea3 \u0111\u00e1y c\u1ee7a thi\u1ebft b\u1ecb sau \u0111\u00f3 d\u00f9ng n\u01b0\u1edbc s\u1ea1ch v\u1ec7 sinh thi\u1ebft b\u1ecb, k\u1ec3 c\u1ea3 n\u1eafp v\u00e0 v\u00f2i voi, tr\u01b0\u1edbc khi n\u1ea1p li\u1ec7u c\u1ea5t m\u1ebb m\u1edbi.<\/p>","protected":false},"excerpt":{"rendered":"<div class=\"thong-so\">\n<h4>Highlights<\/h4>\n<ol>\n<li>Kh\u1eed tr\u00f9ng, kh\u00e1ng vi\u00eam, t\u0103ng c\u01b0\u1eddng h\u1ec7 mi\u1ec5n d\u1ecbch, gi\u1ea3m b\u1edbt s\u1ef1 co th\u1eaft c\u1ee7a c\u01a1n ho, gi\u00fap d\u1ec5 ti\u00eau, ch\u1ed1ng \u0111\u1ea7y h\u01a1i<\/li>\n<li>Ch\u1eefa c\u1ea3m l\u1ea1nh hay co th\u1eaft v\u00f9ng ng\u1ef1c, gi\u00fap long \u0111\u1eddm, d\u1ec5 th\u1edf, \u0111i\u1ec1u tr\u1ecb c\u00e1c ch\u1ee9ng b\u1ec7nh v\u1ec1 \u0111au \u0111\u1ea7u<\/li>\n<li>L\u00e0m cho tinh th\u1ea7n s\u1ea3ng kho\u00e1i gi\u00fap t\u1eadp trung tinh th\u1ea7n, t\u0103ng c\u01b0\u1eddng s\u1ef1 tt\u00ed nh\u1edb<\/li>\n<li>Ch\u1ed1ng bu\u1ed3n n\u00f4n do say t\u00e0u xe, gi\u1ea3m \u0111au do vi\u00eam kh\u1edbp, th\u1ea5p kh\u1edbp<\/li>\n<li>T\u0103ng c\u01b0\u1eddng tu\u1ea7n ho\u00e0n m\u00e1u, kh\u1eed m\u00f9i h\u00f4i tanh, thanh l\u1ecdc kh\u00f4ng kh\u00ed<\/li>\n<li>Ch\u1eefa tr\u1ecb s\u00e2u r\u0103ng v\u00e0 h\u00f4i mi\u1ec7ng.<\/li>\n<\/ol>\n<\/div>","protected":false},"featured_media":1106,"comment_status":"open","ping_status":"closed","template":"","meta":[],"product_brand":[],"product_cat":[15],"product_tag":[],"class_list":{"0":"post-1105","1":"product","2":"type-product","3":"status-publish","4":"has-post-thumbnail","6":"product_cat-tinh-dau-que","8":"first","9":"instock","10":"shipping-taxable","11":"product-type-simple"},"_links":{"self":[{"href":"https:\/\/nongsanvinhyen.com\/en\/wp-json\/wp\/v2\/product\/1105","targetHints":{"allow":["GET"]}}],"collection":[{"href":"https:\/\/nongsanvinhyen.com\/en\/wp-json\/wp\/v2\/product"}],"about":[{"href":"https:\/\/nongsanvinhyen.com\/en\/wp-json\/wp\/v2\/types\/product"}],"replies":[{"embeddable":true,"href":"https:\/\/nongsanvinhyen.com\/en\/wp-json\/wp\/v2\/comments?post=1105"}],"wp:featuredmedia":[{"embeddable":true,"href":"https:\/\/nongsanvinhyen.com\/en\/wp-json\/wp\/v2\/media\/1106"}],"wp:attachment":[{"href":"https:\/\/nongsanvinhyen.com\/en\/wp-json\/wp\/v2\/media?parent=1105"}],"wp:term":[{"taxonomy":"product_brand","embeddable":true,"href":"https:\/\/nongsanvinhyen.com\/en\/wp-json\/wp\/v2\/product_brand?post=1105"},{"taxonomy":"product_cat","embeddable":true,"href":"https:\/\/nongsanvinhyen.com\/en\/wp-json\/wp\/v2\/product_cat?post=1105"},{"taxonomy":"product_tag","embeddable":true,"href":"https:\/\/nongsanvinhyen.com\/en\/wp-json\/wp\/v2\/product_tag?post=1105"}],"curies":[{"name":"wp","href":"https:\/\/api.w.org\/{rel}","templated":true}]}}