{"id":1095,"date":"2024-10-11T16:35:04","date_gmt":"2024-10-11T09:35:04","guid":{"rendered":"https:\/\/nongsanvinhyen.com\/?post_type=product&#038;p=1095"},"modified":"2026-01-05T02:27:26","modified_gmt":"2026-01-04T19:27:26","slug":"tinh-dau-sa","status":"publish","type":"product","link":"https:\/\/nongsanvinhyen.com\/zh\/product\/tinh-dau-sa\/","title":{"rendered":"Tinh D\u1ea7u S\u1ea3"},"content":{"rendered":"<p>&#8211; B\u01b0\u1edbc 1: L\u1ef1a ch\u1ecdn nguy\u00ean li\u1ec7u s\u1ea3 cho qu\u00e1 tr\u00ecnh ch\u01b0ng c\u1ea5t L\u1ef1a ch\u1ecdn l\u00e1 s\u1ea3 t\u01b0\u01a1i, \u0111\u1ee7 ti\u00eau chu\u1ea9n, kh\u00f4ng c\u1ea5t s\u1ea3 qu\u00e1 gi\u00e0 ho\u1eb7c qu\u00e1 non \u0111\u1ec3 \u0111\u1ea3m b\u1ea3o s\u1ea3 cho l\u01b0\u1ee3ng tinh d\u1ea7u th\u00e0nh ph\u1ea9m nhi\u1ec1u nh\u1ea5t. Ti\u00eau chu\u1ea9n l\u00e1 s\u1ea3 l\u00e0 lu\u0301c \u0111\u00e2\u0300u la\u0301 (ti\u0301nh t\u01b0\u0300 ngoa\u0300i va\u0300o) \u0111a\u0303 kh\u00f4 t\u01b0\u0300 5 -10 cm thi\u0300 c\u0103\u0301t.<\/p>\n<p>&#8211; B\u01b0\u1edbc 2: L\u00e0m h\u00e9o nguy\u00ean li\u1ec7u s\u1ea3 Ph\u01a1i la\u0301 s\u1ea3 \u0111\u01b0\u01a1\u0323c ph\u01a1i he\u0301o \u0111\u00ea\u0301n \u0111\u00f4\u0323 \u00e2\u0309m co\u0300n 50 % so v\u01a1\u0301i ban \u0111\u00e2\u0300u. B\u1edfi v\u00ec, \u1edf \u0111\u00f4\u0323 \u00e2\u0309m na\u0300y, la\u0301 s\u1ea3 ba\u0309o qua\u0309n \u0111\u01b0\u01a1\u0323c m\u00f4\u0323t s\u00f4\u0301 nga\u0300y \u01a1\u0309 n\u01a1i c\u00e2\u0301t, h\u01a1n n\u01b0\u0303a, c\u00e2\u0301t la\u0301 sa\u0309 he\u0301o se\u0303 gia\u0309m \u0111\u01b0\u01a1\u0323c 35 % nhi\u00ean li\u00ea\u0323u va\u0300 27 % th\u01a1\u0300i gian ch\u01b0ng c\u00e2\u0301t.<\/p>\n<p>&#8211; B\u01b0\u1edbc 3: Ch\u01b0ng c\u1ea5t b\u1ea3 ph\u01a1i \u0110\u01b0a nguy\u00ean li\u1ec7u \u0111\u00e3 ph\u01a1i kh\u00f4 v\u00e0o n\u1ed3i c\u1ea5t s\u1ebd c\u00f3 c\u00e1c khay ch\u1ee9a nguy\u00ean li\u1ec7u. L\u01b0u \u00fd, tr\u01b0\u1edbc khi cho nguy\u00ean li\u1ec7u v\u00e0o n\u1ed3i c\u1ea7n \u0111\u1ec3 \u00fd c\u00f3 l\u1eabn c\u1ecf d\u1ea1i hay lo\u1ea1i l\u00e1 kh\u00e1c kh\u00f4ng, c\u1ea7n lo\u1ea1i b\u1ecf ngay \u0111\u1ec3 tr\u00e1nh \u1ea3nh h\u01b0\u1edfng \u0111\u1ebfn ch\u1ea5t l\u01b0\u1ee3ng tinh d\u1ea7u. T\u1ec9 l\u1ec7 nguy\u00ean li\u1ec7u ch\u01b0ng c\u1ea5t 180-200kg nguy\u00ean li\u1ec7u\/ dung t\u00edch n\u1ed3i 1000 lit. Th\u1eddi gian ch\u01b0ng c\u1ea5t 2,5-3h\/m\u1ebb. B\u1ea3 tinh d\u1ea7u s\u1ea3 s\u1ebd \u0111\u01b0\u1ee3c ph\u01a1i kh\u00f4 \u0111\u1ec3 l\u00e0m nhi\u00ean li\u1ec7u.<\/p>\n<p>&#8211; B\u01b0\u1edbc 4: Ng\u01b0ng t\u1ee5 ch\u1ea5t \u0111\u1ed1t Sau kho\u1ea3ng th\u1eddi gian 2,5-3h, l\u01b0\u1ee3ng tinh d\u1ea7u th\u00e0nh ph\u1ea9m s\u1ebd bay h\u01a1i c\u00f9ng v\u1edbi n\u01b0\u1edbc qua \u1ed1ng d\u1eabn h\u01a1i v\u00e0 \u0111\u1ebfn b\u1ed3n l\u00e0m l\u1ea1nh ng\u01b0ng t\u1ee5, c\u00e2\u0300n kh\u00f4\u0301ng ch\u00ea\u0301 nhi\u00ea\u0323t \u0111\u00f4\u0323 n\u01b0\u01a1\u0301c la\u0300m la\u0323nh trong khoa\u0309ng 35 \u2013 400C.<\/p>\n<p>&#8211; B\u01b0\u1edbc 5: Ph\u00e2n ly H\u00f4\u0303n h\u01a1\u0323p tinh d\u00e2\u0300u va\u0300 n\u01b0\u01a1\u0301c se\u0303 \u0111\u01b0\u01a1\u0323c ta\u0301ch ra b\u0103\u0300ng thi\u00ea\u0301t bi\u0323 ph\u00e2n ly.<\/p>\n<p>&#8211; B\u01b0\u1edbc 6: T\u00e1ch tinh d\u1ea7u lo\u1ea1i 2 Sau khi t\u00e1ch tinh d\u1ea7u v\u00e0 n\u01b0\u1edbc b\u1eb1ng thi\u1ebft b\u1ecb ph\u00e2n ly, n\u01b0\u01a1\u0301c ch\u01b0ng c\u00f2n l\u1ea1i se\u0303 \u0111\u01b0\u01a1\u0323c \u0111\u01b0a va\u0300o b\u00ea\u0309 x\u01b0\u0309 ly\u0301 \u0111\u00ea\u0309 ta\u0301ch tinh d\u00e2\u0300u loa\u0323i II. Tinh d\u00e2\u0300u th\u00f4 \u0111\u01b0\u01a1\u0323c l\u0103\u0301ng \u0111\u00ea\u0309 ta\u0301ch ta\u0323p ch\u00e2\u0301t l\u01a1\u0301n va\u0300 \u0111\u01b0\u01a1\u0323c la\u0300m kh\u00f4 b\u0103\u0300ng Na2SO4 khan, l\u01b0\u01a1\u0323ng Na2SO4 tu\u0300y thu\u00f4\u0323c va\u0300o ha\u0300m l\u01b0\u01a1\u0323ng n\u01b0\u01a1\u0301c trong tinh d\u00e2\u0300u sa\u0309, th\u01b0\u01a1\u0300ng thi\u0300 25 \u2013 50 gam\/kg tinh d\u00e2\u0300u. Sau \u0111o\u0301 tinh d\u00e2\u0300u \u0111\u01b0\u01a1\u0323c \u0111em lo\u0323c \u0111\u00ea\u0309 ta\u0301ch Na2SO4 ra, Na2SO4 ta\u0301ch ra \u0111\u01b0\u01a1\u0323c \u0111em r\u01b0\u0309a hai l\u00e2\u0300n b\u0103\u0300ng n\u01b0\u01a1\u0301c \u00e2\u0301m r\u00f4\u0300i cho va\u0300o tu\u0301i va\u0309i bo\u0309 va\u0300o n\u00f4\u0300i ch\u01b0ng c\u00e2\u0301t \u0111\u00ea\u0309 t\u00e2\u0323n thu tinh d\u00e2\u0300u.<\/p>\n<p>&#8211; B\u01b0\u1edbc 7: S\u1ea5y v\u00e0 l\u1ecdc tinh d\u1ea7u s\u1ea3 \u0111\u00f3ng chai Tinh d\u1ea7u thu \u0111\u01b0\u1ee3c s\u1ebd \u0111em s\u00e2\u0301y kh\u00f4 va\u0300 ba\u0309o qua\u0309n trong bi\u0300nh ki\u0301n. Tinh d\u00e2\u0300u sa\u0309 kh\u01b0\u0309 h\u00ea\u0301t n\u01b0\u01a1\u0301c co\u0301 ma\u0300u sa\u0301ng, \u0111\u01b0\u01a1\u0323c \u0111o\u0301ng chai ba\u0309o qua\u0309n.<\/p>","protected":false},"excerpt":{"rendered":"<div class=\"thong-so\">\n<h4>\u5f37\u8abf<\/h4>\n<ol>\n<li>Xua \u0111u\u1ed5i c\u00f4n tr\u00f9ng, gi\u1ea3i \u0111\u1ed9c<\/li>\n<li>Gi\u1ea3m c\u0103ng th\u1eb3ng, gi\u00fap d\u1ec5 ng\u1ee7<\/li>\n<li>Kh\u1eed m\u00f9i h\u00f4i, \u1ea9m, thanh l\u1ecdc kh\u00f4ng kh\u00ed<\/li>\n<li>Gi\u1ea3m \u0111au m\u1ecfi ch\u00e2n<\/li>\n<li>Gi\u00fap s\u00e1t tr\u00f9ng, l\u00e0m l\u00e0nh v\u1ebft th\u01b0\u01a1ng<\/li>\n<li>D\u01b0\u1ee1ng t\u00f3c m\u1ec1m m\u01b0\u1ee3t<\/li>\n<\/ol>\n<\/div>","protected":false},"featured_media":1096,"comment_status":"open","ping_status":"closed","template":"","meta":[],"product_brand":[],"product_cat":[41],"product_tag":[],"class_list":{"0":"post-1095","1":"product","2":"type-product","3":"status-publish","4":"has-post-thumbnail","6":"product_cat-tinh-dau-sa","8":"first","9":"instock","10":"shipping-taxable","11":"product-type-simple"},"_links":{"self":[{"href":"https:\/\/nongsanvinhyen.com\/zh\/wp-json\/wp\/v2\/product\/1095","targetHints":{"allow":["GET"]}}],"collection":[{"href":"https:\/\/nongsanvinhyen.com\/zh\/wp-json\/wp\/v2\/product"}],"about":[{"href":"https:\/\/nongsanvinhyen.com\/zh\/wp-json\/wp\/v2\/types\/product"}],"replies":[{"embeddable":true,"href":"https:\/\/nongsanvinhyen.com\/zh\/wp-json\/wp\/v2\/comments?post=1095"}],"wp:featuredmedia":[{"embeddable":true,"href":"https:\/\/nongsanvinhyen.com\/zh\/wp-json\/wp\/v2\/media\/1096"}],"wp:attachment":[{"href":"https:\/\/nongsanvinhyen.com\/zh\/wp-json\/wp\/v2\/media?parent=1095"}],"wp:term":[{"taxonomy":"product_brand","embeddable":true,"href":"https:\/\/nongsanvinhyen.com\/zh\/wp-json\/wp\/v2\/product_brand?post=1095"},{"taxonomy":"product_cat","embeddable":true,"href":"https:\/\/nongsanvinhyen.com\/zh\/wp-json\/wp\/v2\/product_cat?post=1095"},{"taxonomy":"product_tag","embeddable":true,"href":"https:\/\/nongsanvinhyen.com\/zh\/wp-json\/wp\/v2\/product_tag?post=1095"}],"curies":[{"name":"wp","href":"https:\/\/api.w.org\/{rel}","templated":true}]}}